{"id":534,"date":"2024-04-03T23:20:24","date_gmt":"2024-04-04T02:20:24","guid":{"rendered":"https:\/\/apesc.net.br\/balanco2023\/?page_id=534"},"modified":"2024-04-23T15:02:29","modified_gmt":"2024-04-23T18:02:29","slug":"cepru","status":"publish","type":"page","link":"http:\/\/apesc.net.br\/balanco2023\/cepru\/","title":{"rendered":"Cepru"},"content":{"rendered":"\n<div class=\"wp-block-uagb-container uagb-block-34bc61ae alignfull uagb-is-root-container\"><div class=\"uagb-container-inner-blocks-wrap\">\n<div class=\"wp-block-uagb-container uagb-block-bb16763f\">\n<div class=\"wp-block-uagb-image aligncenter uagb-block-f636c7c5 wp-block-uagb-image--layout-default wp-block-uagb-image--effect-static wp-block-uagb-image--align-center\"><figure class=\"wp-block-uagb-image__figure\"><img loading=\"lazy\" decoding=\"async\" srcset=\"http:\/\/apesc.net.br\/balanco2023\/wp-content\/uploads\/sites\/13\/2024\/04\/logo_cepru-vertical-1024x980.png ,http:\/\/apesc.net.br\/balanco2023\/wp-content\/uploads\/sites\/13\/2024\/04\/logo_cepru-vertical.png 780w, http:\/\/apesc.net.br\/balanco2023\/wp-content\/uploads\/sites\/13\/2024\/04\/logo_cepru-vertical.png 360w\" sizes=\"auto, (max-width: 480px) 150px\" src=\"http:\/\/apesc.net.br\/balanco2023\/wp-content\/uploads\/sites\/13\/2024\/04\/logo_cepru-vertical-1024x980.png\" alt=\"\" class=\"uag-image-436\" width=\"300\" height=\"980\" title=\"logo_cepru-vertical\" loading=\"lazy\" role=\"img\"\/><\/figure><\/div>\n<\/div>\n<\/div><\/div>\n\n\n\n<div class=\"wp-block-uagb-container uagb-block-4c977107 alignfull uagb-is-root-container\"><div class=\"uagb-container-inner-blocks-wrap\">\n<div class=\"wp-block-uagb-container uagb-block-cb970f69\">\n<p>O Centro de Educa\u00e7\u00e3o Profissional da UNISC &#8211; CEPRU, criado em 18 de novembro de 1999, \u00e9 mantido pela Associa\u00e7\u00e3o Pr\u00f3-Ensino em Santa Cruz do Sul &#8211; APESC.&nbsp;<\/p>\n\n\n\n<p>Desde a sua cria\u00e7\u00e3o, atende \u00e0 demanda de estudantes para cursos t\u00e9cnicos, bem como cursos de extens\u00e3o, de atualiza\u00e7\u00e3o e de especializa\u00e7\u00e3o t\u00e9cnica.<\/p>\n\n\n\n<div class=\"wp-block-columns is-layout-flex wp-container-core-columns-is-layout-28f84493 wp-block-columns-is-layout-flex\">\n<div class=\"wp-block-column is-layout-flow wp-block-column-is-layout-flow\">\n<div class=\"wp-block-columns is-layout-flex wp-container-core-columns-is-layout-28f84493 wp-block-columns-is-layout-flex\">\n<div class=\"wp-block-column is-layout-flow wp-block-column-is-layout-flow\">\n<div class=\"wp-block-uagb-image uagb-block-ace38b75 wp-block-uagb-image--layout-default wp-block-uagb-image--effect-static wp-block-uagb-image--align-none\"><figure class=\"wp-block-uagb-image__figure\"><img loading=\"lazy\" decoding=\"async\" srcset=\"http:\/\/apesc.net.br\/balanco2023\/wp-content\/uploads\/sites\/13\/2024\/04\/cepru2.jpeg ,http:\/\/apesc.net.br\/balanco2023\/wp-content\/uploads\/sites\/13\/2024\/04\/cepru2.jpeg 780w, http:\/\/apesc.net.br\/balanco2023\/wp-content\/uploads\/sites\/13\/2024\/04\/cepru2.jpeg 360w\" sizes=\"auto, (max-width: 480px) 150px\" src=\"http:\/\/apesc.net.br\/balanco2023\/wp-content\/uploads\/sites\/13\/2024\/04\/cepru2.jpeg\" alt=\"\" class=\"uag-image-662\" width=\"612\" height=\"461\" title=\"cepru2\" loading=\"lazy\" role=\"img\"\/><\/figure><\/div>\n<\/div>\n\n\n\n<div class=\"wp-block-column is-vertically-aligned-center is-layout-flow wp-block-column-is-layout-flow\">\n<p>O CEPRU est\u00e1 comprometido com a capacita\u00e7\u00e3o de jovens e adultos para o exerc\u00edcio de profiss\u00f5es t\u00e9cnicas e de aprendizagem profissional, desenvolvendo o curr\u00edculo de cada curso, articulando teoria e pr\u00e1tica no processo ensino-aprendizagem, segundo padr\u00f5es de exig\u00eancia do mercado de trabalho e acompanhando as transforma\u00e7\u00f5es que ocorrem nesse mundo do trabalho, qualificando, assim, a forma\u00e7\u00e3o das compet\u00eancias profissionais dos estudantes de cada curso. Promove, tamb\u00e9m, parcerias com empresas e entidades da regi\u00e3o de abrang\u00eancia da APESC, para desenvolvimento de aulas pr\u00e1ticas e est\u00e1gios dos cursos.<\/p>\n<\/div>\n<\/div>\n<\/div>\n<\/div>\n\n\n\n<div class=\"wp-block-columns is-layout-flex wp-container-core-columns-is-layout-28f84493 wp-block-columns-is-layout-flex\">\n<div class=\"wp-block-column is-layout-flow wp-block-column-is-layout-flow\">\n<p>O CEPRU ofereceu, em 2023, o curso T\u00e9cnico em Enfermagem, nas Unidades de Ensino de Santa Cruz do Sul, de Montenegro e de Ven\u00e2ncio Aires; os cursos T\u00e9cnicos em Radiologia, Seguran\u00e7a do Trabalho e Inform\u00e1tica, na Unidade de Ensino de Santa Cruz do Sul; e o curso T\u00e9cnico em Agropecu\u00e1ria, nas Unidades de Ensino de Ven\u00e2ncio Aires e de Sobradinho, contabilizando, em 2023, 351 estudantes matriculados, dos quais 300 nos cursos T\u00e9cnicos e 51 em cursos de extens\u00e3o\/curta dura\u00e7\u00e3o e de atualiza\u00e7\u00e3o.<\/p>\n<\/div>\n\n\n\n<div class=\"wp-block-column is-layout-flow wp-block-column-is-layout-flow\">\n<p>Em 24 anos de atua\u00e7\u00e3o do CEPRU, no per\u00edodo de 1999 a 2023, foram diplomados 1.886 alunos.<\/p>\n\n\n\n<p>O CEPRU oferece bolsas de estudo integrais e parciais a estudantes, de acordo com os crit\u00e9rios da Lei Complementar n\u00ba187, de 16 de dezembro de 2021.&nbsp; Em 2023, foram concedidas 19 bolsas de estudo integrais e 8 bolsas de estudo parciais a estudantes com renda familiar mensal bruta, por pessoa, de at\u00e9 um sal\u00e1rio m\u00ednimo e meio.<\/p>\n<\/div>\n<\/div>\n\n\n\n<div class=\"wp-block-uagb-image aligncenter uagb-block-5ad50cb1 wp-block-uagb-image--layout-default wp-block-uagb-image--effect-static wp-block-uagb-image--align-center\"><figure class=\"wp-block-uagb-image__figure\"><img loading=\"lazy\" decoding=\"async\" srcset=\"http:\/\/apesc.net.br\/balanco2023\/wp-content\/uploads\/sites\/13\/2024\/04\/cepruagropecuaria-1024x730.jpg ,http:\/\/apesc.net.br\/balanco2023\/wp-content\/uploads\/sites\/13\/2024\/04\/cepruagropecuaria.jpg 780w, http:\/\/apesc.net.br\/balanco2023\/wp-content\/uploads\/sites\/13\/2024\/04\/cepruagropecuaria.jpg 360w\" sizes=\"auto, (max-width: 480px) 150px\" src=\"http:\/\/apesc.net.br\/balanco2023\/wp-content\/uploads\/sites\/13\/2024\/04\/cepruagropecuaria-1024x730.jpg\" alt=\"\" class=\"uag-image-1072\" width=\"1600\" height=\"1140\" title=\"cepruagropecuaria\" loading=\"lazy\" role=\"img\"\/><figcaption class=\"uagb-image-caption\">Turma T\u00e9cnico em Agropecu\u00e1ria<\/figcaption><\/figure><\/div>\n\n\n\n<div class=\"wp-block-uagb-container uagb-block-f02c93d6\">\n<div class=\"wp-block-columns is-layout-flex wp-container-core-columns-is-layout-28f84493 wp-block-columns-is-layout-flex\">\n<div class=\"wp-block-column has-ast-global-color-5-color has-text-color has-background has-link-color wp-elements-beff4fdc3015bfa5d32763f72083771e is-layout-flow wp-block-column-is-layout-flow\" style=\"background-color:#005080;padding-top:var(--wp--preset--spacing--40);padding-right:var(--wp--preset--spacing--40);padding-bottom:var(--wp--preset--spacing--40);padding-left:var(--wp--preset--spacing--40)\">\n<p>Pela Resolu\u00e7\u00e3o\/CONSUN n\u00ba 59, de 26 de agosto de 2021, foi criado e ficou regulamentado o Fundo de Financiamento para cursos t\u00e9cnicos \u2013 CREDICEPRU \u2013 tendo somente um (1) estudante do CEPRU&nbsp; acessado o financiamento em 2023.&nbsp;<\/p>\n<\/div>\n\n\n\n<div class=\"wp-block-column has-ast-global-color-5-color has-text-color has-background has-link-color wp-elements-f7ed59e8338f41ea962588915f3a5496 is-layout-flow wp-block-column-is-layout-flow\" style=\"background-color:#005080;padding-top:var(--wp--preset--spacing--40);padding-right:var(--wp--preset--spacing--40);padding-bottom:var(--wp--preset--spacing--40);padding-left:var(--wp--preset--spacing--40)\">\n<p>Al\u00e9m da concess\u00e3o de bolsas de estudo e da oferta de uma linha de cr\u00e9dito estudantil pr\u00f3pria, o CEPRU mant\u00e9m conv\u00eanios com empresas para que os seus funcion\u00e1rios tenham desconto nas mensalidades dos cursos t\u00e9cnicos.<\/p>\n<\/div>\n<\/div>\n<\/div>\n\n\n\n<p>Al\u00e9m das atividades ordin\u00e1rias no desenvolvimento dos cursos t\u00e9cnicos em andamento, o CEPRU est\u00e1 com matr\u00edculas abertas dos novos cursos \u2013 T\u00e9cnico em Administra\u00e7\u00e3o e T\u00e9cnico em Contabilidade, na modalidade presencial \u2013 credenciados, em 2023, pelo Conselho Estadual de Educa\u00e7\u00e3o para as Unidades de Ensino de Santa Cruz do Sul, Ven\u00e2ncio Aires e Sobradinho.<\/p>\n\n\n\n<div class=\"wp-block-uagb-container uagb-block-629f4728\">\n<div class=\"wp-block-columns is-layout-flex wp-container-core-columns-is-layout-28f84493 wp-block-columns-is-layout-flex\">\n<div class=\"wp-block-column is-vertically-aligned-center is-layout-flow wp-block-column-is-layout-flow\" style=\"padding-right:var(--wp--preset--spacing--40);padding-left:var(--wp--preset--spacing--40);flex-basis:33.33%\">\n<p class=\"has-ast-global-color-5-color has-text-color has-link-color wp-elements-315cc958d98d7b99030afe17b61e41e0\">Tamb\u00e9m est\u00e3o com matr\u00edculas abertas os cursos T\u00e9cnicos em Enfermagem, Agropecu\u00e1ria e Vendas, autorizados a funcionar na Unidade de Ensino de Pantano Grande, credenciado pelo Conselho Estadual de Educa\u00e7\u00e3o, em 2023.<\/p>\n<\/div>\n\n\n\n<div class=\"wp-block-column is-layout-flow wp-block-column-is-layout-flow\" style=\"flex-basis:66.66%\">\n<div class=\"wp-block-uagb-image aligncenter uagb-block-4b1f8a15 wp-block-uagb-image--layout-default wp-block-uagb-image--effect-static wp-block-uagb-image--align-center\"><figure class=\"wp-block-uagb-image__figure\"><img loading=\"lazy\" decoding=\"async\" srcset=\"http:\/\/apesc.net.br\/balanco2023\/wp-content\/uploads\/sites\/13\/2024\/04\/Cepru.jpeg ,http:\/\/apesc.net.br\/balanco2023\/wp-content\/uploads\/sites\/13\/2024\/04\/Cepru.jpeg 780w, http:\/\/apesc.net.br\/balanco2023\/wp-content\/uploads\/sites\/13\/2024\/04\/Cepru.jpeg 360w\" sizes=\"auto, (max-width: 480px) 150px\" src=\"http:\/\/apesc.net.br\/balanco2023\/wp-content\/uploads\/sites\/13\/2024\/04\/Cepru.jpeg\" alt=\"\" class=\"uag-image-661\" width=\"1024\" height=\"577\" title=\"Cepru\" loading=\"lazy\" role=\"img\"\/><\/figure><\/div>\n<\/div>\n<\/div>\n<\/div>\n\n\n\n<p>Foram recredenciados, em 2023, pelo Conselho Estadual de Educa\u00e7\u00e3o, os cursos T\u00e9cnicos: em Enfermagem, das Unidades de Ensino de Santa Cruz do Sul e Ven\u00e2ncio Aires; em Inform\u00e1tica, Recursos Humanos e Seguran\u00e7a do Trabalho, da Unidade de Ensino de Santa Cruz do Sul.<\/p>\n\n\n\n<p>Tamb\u00e9m foi encaminhado, em 2023, ao CEEd, com a documenta\u00e7\u00e3o do processo, a solicita\u00e7\u00e3o do credenciamento da Unidade de Santa Cruz do Sul para a oferta do curso de Especializa\u00e7\u00e3o Profissional T\u00e9cnica em Enfermagem do Trabalho.<\/p>\n\n\n\n<p>Fica configurado, pela mobiliza\u00e7\u00e3o desses processos de cursos t\u00e9cnicos junto ao Conselho Estadual de Educa\u00e7\u00e3o, o prop\u00f3sito focado no aumento do n\u00famero de estudantes dos cursos t\u00e9cnicos do CEPRU nas Unidades de Ensino \u2013 Santa Cruz do Sul, Ven\u00e2ncio Aires, Sobradinho e Montenegro &#8211; para, consequentemente, capacitar jovens e adultos dentro dos padr\u00f5es de exig\u00eancia do mercado atual, em n\u00edveis de forma\u00e7\u00e3o inicial, de atualiza\u00e7\u00e3o ou de educa\u00e7\u00e3o profissional t\u00e9cnica de n\u00edvel m\u00e9dio, qualificando os profissionais t\u00e9cnicos em sintonia com as transforma\u00e7\u00f5es, necessidades e exig\u00eancias do mercado de trabalho, e tamb\u00e9m gerando aumento de receita.<\/p>\n\n\n\n<p>Com esse cen\u00e1rio, o CEPRU est\u00e1 trabalhando sempre com o prop\u00f3sito de assegurar a sua qualidade na forma\u00e7\u00e3o dos cursos t\u00e9cnicos, a sua sustentabilidade e o seu crescimento.<\/p>\n<\/div>\n<\/div><\/div>\n","protected":false},"excerpt":{"rendered":"<p>O Centro de Educa\u00e7\u00e3o Profissional da UNISC &#8211; CEPRU, criado em 18 de novembro de 1999, \u00e9 mantido pela Associa\u00e7\u00e3o [&hellip;]<\/p>\n","protected":false},"author":1,"featured_media":0,"parent":0,"menu_order":0,"comment_status":"closed","ping_status":"closed","template":"","meta":{"_uag_custom_page_level_css":"","site-sidebar-layout":"default","site-content-layout":"","ast-site-content-layout":"default","site-content-style":"default","site-sidebar-style":"default","ast-global-header-display":"","ast-banner-title-visibility":"","ast-main-header-display":"","ast-hfb-above-header-display":"","ast-hfb-below-header-display":"","ast-hfb-mobile-header-display":"","site-post-title":"disabled","ast-breadcrumbs-content":"","ast-featured-img":"","footer-sml-layout":"","ast-disable-related-posts":"","theme-transparent-header-meta":"","adv-header-id-meta":"","stick-header-meta":"","header-above-stick-meta":"","header-main-stick-meta":"","header-below-stick-meta":"","astra-migrate-meta-layouts":"default","ast-page-background-enabled":"default","ast-page-background-meta":{"desktop":{"background-color":"var(--ast-global-color-4)","background-image":"","background-repeat":"repeat","background-position":"center center","background-size":"auto","background-attachment":"scroll","background-type":"","background-media":"","overlay-type":"","overlay-color":"","overlay-opacity":"","overlay-gradient":""},"tablet":{"background-color":"","background-image":"","background-repeat":"repeat","background-position":"center center","background-size":"auto","background-attachment":"scroll","background-type":"","background-media":"","overlay-type":"","overlay-color":"","overlay-opacity":"","overlay-gradient":""},"mobile":{"background-color":"","background-image":"","background-repeat":"repeat","background-position":"center center","background-size":"auto","background-attachment":"scroll","background-type":"","background-media":"","overlay-type":"","overlay-color":"","overlay-opacity":"","overlay-gradient":""}},"ast-content-background-meta":{"desktop":{"background-color":"var(--ast-global-color-5)","background-image":"","background-repeat":"repeat","background-position":"center center","background-size":"auto","background-attachment":"scroll","background-type":"","background-media":"","overlay-type":"","overlay-color":"","overlay-opacity":"","overlay-gradient":""},"tablet":{"background-color":"var(--ast-global-color-5)","background-image":"","background-repeat":"repeat","background-position":"center center","background-size":"auto","background-attachment":"scroll","background-type":"","background-media":"","overlay-type":"","overlay-color":"","overlay-opacity":"","overlay-gradient":""},"mobile":{"background-color":"var(--ast-global-color-5)","background-image":"","background-repeat":"repeat","background-position":"center center","background-size":"auto","background-attachment":"scroll","background-type":"","background-media":"","overlay-type":"","overlay-color":"","overlay-opacity":"","overlay-gradient":""}},"footnotes":""},"class_list":["post-534","page","type-page","status-publish","hentry"],"uagb_featured_image_src":{"full":false,"thumbnail":false,"medium":false,"medium_large":false,"large":false,"1536x1536":false,"2048x2048":false},"uagb_author_info":{"display_name":"admin","author_link":"http:\/\/apesc.net.br\/balanco2023\/author\/admin\/"},"uagb_comment_info":0,"uagb_excerpt":"O Centro de Educa\u00e7\u00e3o Profissional da UNISC &#8211; CEPRU, criado em 18 de novembro de 1999, \u00e9 mantido pela Associa\u00e7\u00e3o [&hellip;]","_links":{"self":[{"href":"http:\/\/apesc.net.br\/balanco2023\/wp-json\/wp\/v2\/pages\/534","targetHints":{"allow":["GET"]}}],"collection":[{"href":"http:\/\/apesc.net.br\/balanco2023\/wp-json\/wp\/v2\/pages"}],"about":[{"href":"http:\/\/apesc.net.br\/balanco2023\/wp-json\/wp\/v2\/types\/page"}],"author":[{"embeddable":true,"href":"http:\/\/apesc.net.br\/balanco2023\/wp-json\/wp\/v2\/users\/1"}],"replies":[{"embeddable":true,"href":"http:\/\/apesc.net.br\/balanco2023\/wp-json\/wp\/v2\/comments?post=534"}],"version-history":[{"count":6,"href":"http:\/\/apesc.net.br\/balanco2023\/wp-json\/wp\/v2\/pages\/534\/revisions"}],"predecessor-version":[{"id":1074,"href":"http:\/\/apesc.net.br\/balanco2023\/wp-json\/wp\/v2\/pages\/534\/revisions\/1074"}],"wp:attachment":[{"href":"http:\/\/apesc.net.br\/balanco2023\/wp-json\/wp\/v2\/media?parent=534"}],"curies":[{"name":"wp","href":"https:\/\/api.w.org\/{rel}","templated":true}]}}