{"id":534,"date":"2024-04-03T23:20:24","date_gmt":"2024-04-04T02:20:24","guid":{"rendered":"https:\/\/apesc.net.br\/balanco2024\/?page_id=534"},"modified":"2025-04-28T10:47:03","modified_gmt":"2025-04-28T13:47:03","slug":"cepru","status":"publish","type":"page","link":"http:\/\/apesc.net.br\/balanco2024\/cepru\/","title":{"rendered":"Cepru"},"content":{"rendered":"\n<div class=\"wp-block-uagb-container uagb-block-34bc61ae alignfull uagb-is-root-container\"><div class=\"uagb-container-inner-blocks-wrap\">\n<figure class=\"wp-block-image aligncenter size-large is-resized\" style=\"margin-top:var(--wp--preset--spacing--60);margin-right:var(--wp--preset--spacing--60);margin-bottom:var(--wp--preset--spacing--60);margin-left:var(--wp--preset--spacing--60)\"><img fetchpriority=\"high\" decoding=\"async\" width=\"1024\" height=\"980\" src=\"http:\/\/apesc.net.br\/balanco2024\/wp-content\/uploads\/sites\/15\/2024\/04\/logo_cepru-vertical-1024x980.png\" alt=\"\" class=\"wp-image-436\" style=\"width:300px\" srcset=\"http:\/\/apesc.net.br\/balanco2024\/wp-content\/uploads\/sites\/15\/2024\/04\/logo_cepru-vertical-1024x980.png 1024w, http:\/\/apesc.net.br\/balanco2024\/wp-content\/uploads\/sites\/15\/2024\/04\/logo_cepru-vertical-300x287.png 300w, http:\/\/apesc.net.br\/balanco2024\/wp-content\/uploads\/sites\/15\/2024\/04\/logo_cepru-vertical-768x735.png 768w, http:\/\/apesc.net.br\/balanco2024\/wp-content\/uploads\/sites\/15\/2024\/04\/logo_cepru-vertical.png 1200w\" sizes=\"(max-width: 1024px) 100vw, 1024px\" \/><\/figure>\n<\/div><\/div>\n\n\n\n<div class=\"wp-block-uagb-container uagb-block-4c977107 alignfull uagb-is-root-container\"><div class=\"uagb-container-inner-blocks-wrap\">\n<div class=\"wp-block-uagb-container uagb-block-cb970f69\">\n<p>O Cepru ofereceu, em 2024, o Curso T\u00e9cnico em Enfermagem nos <em>campi <\/em>de Santa Cruz do Sul, de Montenegro e de Ven\u00e2ncio Aires; os cursos T\u00e9cnicos em Radiologia, Seguran\u00e7a do Trabalho e Inform\u00e1tica em Santa Cruz do Sul; Curso T\u00e9cnico em Agropecu\u00e1ria em Ven\u00e2ncio Aires e Sobradinho; e atrav\u00e9s de uma parceria estabelecida entre o Cepru e a Prefeitura de Pantano Grande, est\u00e1 em funcionamento o Curso T\u00e9cnico em Enfermagem e est\u00e1, com matr\u00edculas abertas, o Curso T\u00e9cnico em Agropecu\u00e1ria. Ao todo, foram 355 estudantes matriculados, dos quais 274 nos cursos T\u00e9cnicos e 81 em cursos de extens\u00e3o\/curta dura\u00e7\u00e3o e de atualiza\u00e7\u00e3o.<\/p>\n\n\n\n<p>O Cepru oferece bolsas de estudo integrais e parciais a estudantes, de acordo com os crit\u00e9rios da Lei Complementar n\u00ba 187, de 16 de dezembro de 2021. Em 2024, foram concedidas 45 bolsas de estudo integrais a estudantes com renda familiar mensal bruta, por pessoa, de at\u00e9 tr\u00eas sal\u00e1rios m\u00ednimos e 8 bolsas de estudo parciais de 50% a estudantes com renda familiar mensal bruta, por pessoa, de at\u00e9 tr\u00eas sal\u00e1rios m\u00ednimos. Pela Resolu\u00e7\u00e3o\/Consun n\u00ba 59, de 26 de agosto de 2021, foi criado e ficou regulamentado o Fundo de Financiamento para Cursos T\u00e9cnicos (CrediCepru), tendo 15 estudantes do Cepru acessado o financiamento, em 2024, para possibilitar o investimento na sua forma\u00e7\u00e3o profissional.<\/p>\n\n\n\n<p>Ainda, em 2024, foram recredenciados, pelo Conselho Estadual de Educa\u00e7\u00e3o, com readequa\u00e7\u00e3o curricular, os cursos T\u00e9cnicos: em Enfermagem, da Unidade de Ensino de Ven\u00e2ncio Aires; e em Radiologia e em Seguran\u00e7a do Trabalho, da Unidade de Ensino de Santa Cruz do Sul. Na categoria de cursos de extens\u00e3o, o Cepru, autorizado pelo Departamento de Tr\u00e2nsito do Rio Grande do Sul (Detran) para oferta de cursos na \u00e1rea do tr\u00e2nsito, desenvolveu, em 2024, o Curso de Instrutor de Tr\u00e2nsito, com 36 concluintes, e o Curso de Atualiza\u00e7\u00e3o de Instrutor de Tr\u00e2nsito, com 12 participantes.<\/p>\n\n\n\n<p>No eixo tecnol\u00f3gico dos cursos t\u00e9cnicos &#8211; Ambiente e Sa\u00fade -, foram desenvolvidos, em 2024, 2 cursos de extens\u00e3o: Instrumenta\u00e7\u00e3o Cir\u00fargica, com 18 estudantes; e Pun\u00e7\u00e3o Venosa e Vias de Administra\u00e7\u00e3o de F\u00e1rmacos, com 15 estudantes.<\/p>\n\n\n\n<div class=\"wp-block-uagb-container uagb-block-f02c93d6\">\n<div class=\"wp-block-columns is-layout-flex wp-container-core-columns-is-layout-28f84493 wp-block-columns-is-layout-flex\">\n<div class=\"wp-block-column has-ast-global-color-5-color has-text-color has-background has-link-color wp-elements-874700309bba703d941244a0ca92fc8d is-layout-flow wp-block-column-is-layout-flow\" style=\"border-radius:15px;background-color:#005080;padding-top:var(--wp--preset--spacing--40);padding-right:var(--wp--preset--spacing--40);padding-bottom:var(--wp--preset--spacing--40);padding-left:var(--wp--preset--spacing--40)\">\n<p style=\"padding-top:var(--wp--preset--spacing--30);padding-right:var(--wp--preset--spacing--30);padding-bottom:var(--wp--preset--spacing--30);padding-left:var(--wp--preset--spacing--30)\">Apoio e trabalho de alunos do Curso T\u00e9cnico em Enfermagem de Ven\u00e2ncio Aires em Vila Mariante durante a enchente de maio de 2024. Ao todo, 260 pessoas estavam abrigadas no gin\u00e1sio da comunidade.<\/p>\n\n\n\n<figure class=\"wp-block-image size-full has-custom-border\"><img decoding=\"async\" width=\"1000\" height=\"667\" src=\"http:\/\/apesc.net.br\/balanco2024\/wp-content\/uploads\/sites\/15\/2025\/03\/enchente.jpg\" alt=\"\" class=\"wp-image-1356\" style=\"border-radius:15px\" srcset=\"http:\/\/apesc.net.br\/balanco2024\/wp-content\/uploads\/sites\/15\/2025\/03\/enchente.jpg 1000w, http:\/\/apesc.net.br\/balanco2024\/wp-content\/uploads\/sites\/15\/2025\/03\/enchente-300x200.jpg 300w, http:\/\/apesc.net.br\/balanco2024\/wp-content\/uploads\/sites\/15\/2025\/03\/enchente-768x512.jpg 768w\" sizes=\"(max-width: 1000px) 100vw, 1000px\" \/><\/figure>\n<\/div>\n\n\n\n<div class=\"wp-block-column has-ast-global-color-5-color has-text-color has-background has-link-color wp-elements-6ae06cd0ce2e061197d699762896d744 is-layout-flow wp-block-column-is-layout-flow\" style=\"border-radius:15px;background-color:#005080;padding-top:var(--wp--preset--spacing--40);padding-right:var(--wp--preset--spacing--40);padding-bottom:var(--wp--preset--spacing--40);padding-left:var(--wp--preset--spacing--40)\">\n<p style=\"padding-top:var(--wp--preset--spacing--40);padding-right:var(--wp--preset--spacing--40);padding-bottom:var(--wp--preset--spacing--40);padding-left:var(--wp--preset--spacing--40)\">Feira da Sa\u00fade na Pra\u00e7a Central de Pantano Grande. Realiza\u00e7\u00e3o de testes r\u00e1pidos, verifica\u00e7\u00e3o de press\u00e3o arterial e verifica\u00e7\u00e3o de HGT. Foram realizados em torno de 20 atendimentos pelos estudantes do Curso T\u00e9cnico em Enfermagem do munic\u00edpio.<\/p>\n\n\n\n<figure class=\"wp-block-image aligncenter size-full has-custom-border\" style=\"margin-top:var(--wp--preset--spacing--40);margin-right:var(--wp--preset--spacing--40);margin-bottom:var(--wp--preset--spacing--40);margin-left:var(--wp--preset--spacing--40)\"><img decoding=\"async\" width=\"720\" height=\"417\" src=\"http:\/\/apesc.net.br\/balanco2024\/wp-content\/uploads\/sites\/15\/2025\/03\/feira-pantano.jpg\" alt=\"\" class=\"wp-image-1357\" style=\"border-radius:15px\" srcset=\"http:\/\/apesc.net.br\/balanco2024\/wp-content\/uploads\/sites\/15\/2025\/03\/feira-pantano.jpg 720w, http:\/\/apesc.net.br\/balanco2024\/wp-content\/uploads\/sites\/15\/2025\/03\/feira-pantano-300x174.jpg 300w\" sizes=\"(max-width: 720px) 100vw, 720px\" \/><\/figure>\n<\/div>\n<\/div>\n<\/div>\n\n\n\n<div class=\"wp-block-uagb-container uagb-block-629f4728\">\n<div class=\"wp-block-columns is-layout-flex wp-container-core-columns-is-layout-28f84493 wp-block-columns-is-layout-flex\">\n<div class=\"wp-block-column is-vertically-aligned-center is-layout-flow wp-block-column-is-layout-flow\">\n<p class=\"has-ast-global-color-5-color has-text-color has-link-color wp-elements-d3c0974e27fb7744c5320f05a582a62e\" style=\"padding-top:var(--wp--preset--spacing--40);padding-right:var(--wp--preset--spacing--40);padding-bottom:var(--wp--preset--spacing--40);padding-left:var(--wp--preset--spacing--40)\">Feira da Sa\u00fade na Escola Ros\u00e1rio com os estudantes do Curso T\u00e9cnico em Enfermagem de Santa Cruz do Sul. Realiza\u00e7\u00e3o de teste r\u00e1pido de HIV, S\u00edfilis, Hepatites e verifica\u00e7\u00e3o de sinais vitais. Participa\u00e7\u00e3o de cerca de 200 alunos da Escola.<\/p>\n<\/div>\n\n\n\n<div class=\"wp-block-column is-layout-flow wp-block-column-is-layout-flow\">\n<figure class=\"wp-block-image alignright size-full is-resized has-custom-border\" style=\"margin-top:var(--wp--preset--spacing--40);margin-right:var(--wp--preset--spacing--40);margin-bottom:var(--wp--preset--spacing--40);margin-left:var(--wp--preset--spacing--40)\"><img loading=\"lazy\" decoding=\"async\" width=\"739\" height=\"493\" src=\"http:\/\/apesc.net.br\/balanco2024\/wp-content\/uploads\/sites\/15\/2025\/03\/Cepru-Rosario.jpg\" alt=\"\" class=\"wp-image-1359\" style=\"border-radius:15px;width:544px;height:auto\" srcset=\"http:\/\/apesc.net.br\/balanco2024\/wp-content\/uploads\/sites\/15\/2025\/03\/Cepru-Rosario.jpg 739w, http:\/\/apesc.net.br\/balanco2024\/wp-content\/uploads\/sites\/15\/2025\/03\/Cepru-Rosario-300x200.jpg 300w\" sizes=\"(max-width: 739px) 100vw, 739px\" \/><\/figure>\n<\/div>\n<\/div>\n<\/div>\n<\/div>\n<\/div><\/div>\n","protected":false},"excerpt":{"rendered":"<p>O Cepru ofereceu, em 2024, o Curso T\u00e9cnico em Enfermagem nos campi de Santa Cruz do Sul, de Montenegro e [&hellip;]<\/p>\n","protected":false},"author":1,"featured_media":0,"parent":0,"menu_order":0,"comment_status":"closed","ping_status":"closed","template":"","meta":{"_uag_custom_page_level_css":"","site-sidebar-layout":"default","site-content-layout":"","ast-site-content-layout":"default","site-content-style":"default","site-sidebar-style":"default","ast-global-header-display":"","ast-banner-title-visibility":"","ast-main-header-display":"","ast-hfb-above-header-display":"","ast-hfb-below-header-display":"","ast-hfb-mobile-header-display":"","site-post-title":"disabled","ast-breadcrumbs-content":"","ast-featured-img":"","footer-sml-layout":"","ast-disable-related-posts":"","theme-transparent-header-meta":"","adv-header-id-meta":"","stick-header-meta":"","header-above-stick-meta":"","header-main-stick-meta":"","header-below-stick-meta":"","astra-migrate-meta-layouts":"default","ast-page-background-enabled":"default","ast-page-background-meta":{"desktop":{"background-color":"var(--ast-global-color-4)","background-image":"","background-repeat":"repeat","background-position":"center center","background-size":"auto","background-attachment":"scroll","background-type":"","background-media":"","overlay-type":"","overlay-color":"","overlay-opacity":"","overlay-gradient":""},"tablet":{"background-color":"","background-image":"","background-repeat":"repeat","background-position":"center center","background-size":"auto","background-attachment":"scroll","background-type":"","background-media":"","overlay-type":"","overlay-color":"","overlay-opacity":"","overlay-gradient":""},"mobile":{"background-color":"","background-image":"","background-repeat":"repeat","background-position":"center center","background-size":"auto","background-attachment":"scroll","background-type":"","background-media":"","overlay-type":"","overlay-color":"","overlay-opacity":"","overlay-gradient":""}},"ast-content-background-meta":{"desktop":{"background-color":"var(--ast-global-color-5)","background-image":"","background-repeat":"repeat","background-position":"center center","background-size":"auto","background-attachment":"scroll","background-type":"","background-media":"","overlay-type":"","overlay-color":"","overlay-opacity":"","overlay-gradient":""},"tablet":{"background-color":"var(--ast-global-color-5)","background-image":"","background-repeat":"repeat","background-position":"center center","background-size":"auto","background-attachment":"scroll","background-type":"","background-media":"","overlay-type":"","overlay-color":"","overlay-opacity":"","overlay-gradient":""},"mobile":{"background-color":"var(--ast-global-color-5)","background-image":"","background-repeat":"repeat","background-position":"center center","background-size":"auto","background-attachment":"scroll","background-type":"","background-media":"","overlay-type":"","overlay-color":"","overlay-opacity":"","overlay-gradient":""}},"footnotes":""},"class_list":["post-534","page","type-page","status-publish","hentry"],"uagb_featured_image_src":{"full":false,"thumbnail":false,"medium":false,"medium_large":false,"large":false,"1536x1536":false,"2048x2048":false},"uagb_author_info":{"display_name":"admin","author_link":"http:\/\/apesc.net.br\/balanco2024\/author\/admin\/"},"uagb_comment_info":0,"uagb_excerpt":"O Cepru ofereceu, em 2024, o Curso T\u00e9cnico em Enfermagem nos campi de Santa Cruz do Sul, de Montenegro e [&hellip;]","_links":{"self":[{"href":"http:\/\/apesc.net.br\/balanco2024\/wp-json\/wp\/v2\/pages\/534","targetHints":{"allow":["GET"]}}],"collection":[{"href":"http:\/\/apesc.net.br\/balanco2024\/wp-json\/wp\/v2\/pages"}],"about":[{"href":"http:\/\/apesc.net.br\/balanco2024\/wp-json\/wp\/v2\/types\/page"}],"author":[{"embeddable":true,"href":"http:\/\/apesc.net.br\/balanco2024\/wp-json\/wp\/v2\/users\/1"}],"replies":[{"embeddable":true,"href":"http:\/\/apesc.net.br\/balanco2024\/wp-json\/wp\/v2\/comments?post=534"}],"version-history":[{"count":14,"href":"http:\/\/apesc.net.br\/balanco2024\/wp-json\/wp\/v2\/pages\/534\/revisions"}],"predecessor-version":[{"id":1522,"href":"http:\/\/apesc.net.br\/balanco2024\/wp-json\/wp\/v2\/pages\/534\/revisions\/1522"}],"wp:attachment":[{"href":"http:\/\/apesc.net.br\/balanco2024\/wp-json\/wp\/v2\/media?parent=534"}],"curies":[{"name":"wp","href":"https:\/\/api.w.org\/{rel}","templated":true}]}}