{"id":675,"date":"2024-04-12T08:45:09","date_gmt":"2024-04-12T11:45:09","guid":{"rendered":"https:\/\/apesc.net.br\/balanco2024\/?page_id=675"},"modified":"2025-03-14T14:16:14","modified_gmt":"2025-03-14T17:16:14","slug":"ods","status":"publish","type":"page","link":"http:\/\/apesc.net.br\/balanco2024\/ods\/","title":{"rendered":"ODS"},"content":{"rendered":"\n<div style=\"height:50px\" aria-hidden=\"true\" class=\"wp-block-spacer\"><\/div>\n\n\n\n<div class=\"wp-block-uagb-container uagb-block-6f26897d alignfull uagb-is-root-container\"><div class=\"uagb-container-inner-blocks-wrap\">\n<div class=\"wp-block-columns is-layout-flex wp-container-core-columns-is-layout-28f84493 wp-block-columns-is-layout-flex\">\n<div class=\"wp-block-column is-vertically-aligned-center is-layout-flow wp-block-column-is-layout-flow\">\n<div class=\"wp-block-uagb-image aligncenter uagb-block-eecb5d9c wp-block-uagb-image--layout-default wp-block-uagb-image--effect-static wp-block-uagb-image--align-center\"><figure class=\"wp-block-uagb-image__figure\"><img loading=\"lazy\" decoding=\"async\" srcset=\"http:\/\/apesc.net.br\/balanco2024\/wp-content\/uploads\/sites\/15\/2024\/04\/linha-colorida_1-1024x27.png ,http:\/\/apesc.net.br\/balanco2024\/wp-content\/uploads\/sites\/15\/2024\/04\/linha-colorida_1.png 780w, http:\/\/apesc.net.br\/balanco2024\/wp-content\/uploads\/sites\/15\/2024\/04\/linha-colorida_1.png 360w\" sizes=\"auto, (max-width: 480px) 150px\" src=\"http:\/\/apesc.net.br\/balanco2024\/wp-content\/uploads\/sites\/15\/2024\/04\/linha-colorida_1-1024x27.png\" alt=\"\" class=\"uag-image-676\" width=\"300\" height=\"10\" title=\"linha-colorida_1\" loading=\"lazy\" role=\"img\"\/><\/figure><\/div>\n\n\n\n<div class=\"wp-block-uagb-image aligncenter uagb-block-f44db7ee wp-block-uagb-image--layout-default wp-block-uagb-image--effect-static wp-block-uagb-image--align-center\"><figure class=\"wp-block-uagb-image__figure\"><img loading=\"lazy\" decoding=\"async\" srcset=\"http:\/\/apesc.net.br\/balanco2024\/wp-content\/uploads\/sites\/15\/2024\/04\/ods-dtq.png ,http:\/\/apesc.net.br\/balanco2024\/wp-content\/uploads\/sites\/15\/2024\/04\/ods-dtq.png 780w, http:\/\/apesc.net.br\/balanco2024\/wp-content\/uploads\/sites\/15\/2024\/04\/ods-dtq.png 360w\" sizes=\"auto, (max-width: 480px) 150px\" src=\"http:\/\/apesc.net.br\/balanco2024\/wp-content\/uploads\/sites\/15\/2024\/04\/ods-dtq.png\" alt=\"\" class=\"uag-image-677\" width=\"320\" height=\"211\" title=\"ods-dtq\" loading=\"lazy\" role=\"img\"\/><\/figure><\/div>\n\n\n\n<p class=\"has-text-align-center has-text-color has-link-color has-medium-font-size wp-elements-543e40029aeaa21aa73cf11524e30b62\" style=\"color:#005080\"><strong>COMPROMISSO COM A AGENDA 2030 DA ONU<br>(Organiza\u00e7\u00e3o das Na\u00e7\u00f5es Unidas)<\/strong><\/p>\n\n\n\n<div class=\"wp-block-uagb-image aligncenter uagb-block-03b28999 wp-block-uagb-image--layout-default wp-block-uagb-image--effect-static wp-block-uagb-image--align-center\"><figure class=\"wp-block-uagb-image__figure\"><img loading=\"lazy\" decoding=\"async\" srcset=\"http:\/\/apesc.net.br\/balanco2024\/wp-content\/uploads\/sites\/15\/2024\/04\/linha-colorida_1-1024x27.png ,http:\/\/apesc.net.br\/balanco2024\/wp-content\/uploads\/sites\/15\/2024\/04\/linha-colorida_1.png 780w, http:\/\/apesc.net.br\/balanco2024\/wp-content\/uploads\/sites\/15\/2024\/04\/linha-colorida_1.png 360w\" sizes=\"auto, (max-width: 480px) 150px\" src=\"http:\/\/apesc.net.br\/balanco2024\/wp-content\/uploads\/sites\/15\/2024\/04\/linha-colorida_1-1024x27.png\" alt=\"\" class=\"uag-image-676\" width=\"300\" height=\"10\" title=\"linha-colorida_1\" loading=\"lazy\" role=\"img\"\/><\/figure><\/div>\n<\/div>\n\n\n\n<div class=\"wp-block-column is-layout-flow wp-block-column-is-layout-flow\">\n<p>A Associa\u00e7\u00e3o Pr\u00f3-Ensino em Santa Cruz do Sul \u2013 APESC busca, atrav\u00e9s das a\u00e7\u00f5es de suas mantidas: a Universidade de Santa Cruz do Sul \u2013 UNISC, a Escola de Educa\u00e7\u00e3o B\u00e1sica \u2013 Educar-se, o Centro de Educa\u00e7\u00e3o Profissional da UNISC \u2013 CEPRU e o Hospital Santa Cruz \u2013 HSC, atuar de forma respons\u00e1vel, prezando pela educa\u00e7\u00e3o de qualidade, respeitando o meio ambiente, buscando a sustentabilidade, a diminui\u00e7\u00e3o da pobreza, a sa\u00fade e o bem-estar das pessoas e das comunidades.<br>Assim, est\u00e1 tamb\u00e9m comprometida com a Agenda 2030 da Organiza\u00e7\u00e3o das Na\u00e7\u00f5es Unidas \u2013 ONU, que re\u00fane 17 Objetivos de Desenvolvimento Sustent\u00e1vel (ODS). Neste relat\u00f3rio, procuramos destacar o engajamento de cada uma das mantidas, por meio da identidade visual de cada objetivo, sendo eles:<\/p>\n\n\n\n<div class=\"wp-block-uagb-image uagb-block-9398e3b3 wp-block-uagb-image--layout-default wp-block-uagb-image--effect-static wp-block-uagb-image--align-none\"><figure class=\"wp-block-uagb-image__figure\"><img loading=\"lazy\" decoding=\"async\" srcset=\"http:\/\/apesc.net.br\/balanco2024\/wp-content\/uploads\/sites\/15\/2024\/03\/17-ODSs.jpg ,http:\/\/apesc.net.br\/balanco2024\/wp-content\/uploads\/sites\/15\/2024\/03\/17-ODSs.jpg 780w, http:\/\/apesc.net.br\/balanco2024\/wp-content\/uploads\/sites\/15\/2024\/03\/17-ODSs.jpg 360w\" sizes=\"auto, (max-width: 480px) 150px\" src=\"http:\/\/apesc.net.br\/balanco2024\/wp-content\/uploads\/sites\/15\/2024\/03\/17-ODSs.jpg\" alt=\"\" class=\"uag-image-56\" width=\"1020\" height=\"489\" title=\"17-ODSs\" loading=\"lazy\" role=\"img\"\/><\/figure><\/div>\n<\/div>\n<\/div>\n\n\n\n<div style=\"height:50px\" aria-hidden=\"true\" class=\"wp-block-spacer\"><\/div>\n<\/div><\/div>\n","protected":false},"excerpt":{"rendered":"<p>COMPROMISSO COM A AGENDA 2030 DA ONU(Organiza\u00e7\u00e3o das Na\u00e7\u00f5es Unidas) A Associa\u00e7\u00e3o Pr\u00f3-Ensino em Santa Cruz do Sul \u2013 APESC [&hellip;]<\/p>\n","protected":false},"author":1,"featured_media":0,"parent":0,"menu_order":0,"comment_status":"closed","ping_status":"closed","template":"","meta":{"_uag_custom_page_level_css":"","site-sidebar-layout":"default","site-content-layout":"","ast-site-content-layout":"default","site-content-style":"default","site-sidebar-style":"default","ast-global-header-display":"","ast-banner-title-visibility":"","ast-main-header-display":"","ast-hfb-above-header-display":"","ast-hfb-below-header-display":"","ast-hfb-mobile-header-display":"","site-post-title":"disabled","ast-breadcrumbs-content":"","ast-featured-img":"","footer-sml-layout":"","ast-disable-related-posts":"","theme-transparent-header-meta":"","adv-header-id-meta":"","stick-header-meta":"","header-above-stick-meta":"","header-main-stick-meta":"","header-below-stick-meta":"","astra-migrate-meta-layouts":"default","ast-page-background-enabled":"default","ast-page-background-meta":{"desktop":{"background-color":"var(--ast-global-color-4)","background-image":"","background-repeat":"repeat","background-position":"center center","background-size":"auto","background-attachment":"scroll","background-type":"","background-media":"","overlay-type":"","overlay-color":"","overlay-opacity":"","overlay-gradient":""},"tablet":{"background-color":"","background-image":"","background-repeat":"repeat","background-position":"center center","background-size":"auto","background-attachment":"scroll","background-type":"","background-media":"","overlay-type":"","overlay-color":"","overlay-opacity":"","overlay-gradient":""},"mobile":{"background-color":"","background-image":"","background-repeat":"repeat","background-position":"center center","background-size":"auto","background-attachment":"scroll","background-type":"","background-media":"","overlay-type":"","overlay-color":"","overlay-opacity":"","overlay-gradient":""}},"ast-content-background-meta":{"desktop":{"background-color":"var(--ast-global-color-5)","background-image":"","background-repeat":"repeat","background-position":"center center","background-size":"auto","background-attachment":"scroll","background-type":"","background-media":"","overlay-type":"","overlay-color":"","overlay-opacity":"","overlay-gradient":""},"tablet":{"background-color":"var(--ast-global-color-5)","background-image":"","background-repeat":"repeat","background-position":"center center","background-size":"auto","background-attachment":"scroll","background-type":"","background-media":"","overlay-type":"","overlay-color":"","overlay-opacity":"","overlay-gradient":""},"mobile":{"background-color":"var(--ast-global-color-5)","background-image":"","background-repeat":"repeat","background-position":"center center","background-size":"auto","background-attachment":"scroll","background-type":"","background-media":"","overlay-type":"","overlay-color":"","overlay-opacity":"","overlay-gradient":""}},"footnotes":""},"class_list":["post-675","page","type-page","status-publish","hentry"],"uagb_featured_image_src":{"full":false,"thumbnail":false,"medium":false,"medium_large":false,"large":false,"1536x1536":false,"2048x2048":false},"uagb_author_info":{"display_name":"admin","author_link":"http:\/\/apesc.net.br\/balanco2024\/author\/admin\/"},"uagb_comment_info":0,"uagb_excerpt":"COMPROMISSO COM A AGENDA 2030 DA ONU(Organiza\u00e7\u00e3o das Na\u00e7\u00f5es Unidas) A Associa\u00e7\u00e3o Pr\u00f3-Ensino em Santa Cruz do Sul \u2013 APESC [&hellip;]","_links":{"self":[{"href":"http:\/\/apesc.net.br\/balanco2024\/wp-json\/wp\/v2\/pages\/675","targetHints":{"allow":["GET"]}}],"collection":[{"href":"http:\/\/apesc.net.br\/balanco2024\/wp-json\/wp\/v2\/pages"}],"about":[{"href":"http:\/\/apesc.net.br\/balanco2024\/wp-json\/wp\/v2\/types\/page"}],"author":[{"embeddable":true,"href":"http:\/\/apesc.net.br\/balanco2024\/wp-json\/wp\/v2\/users\/1"}],"replies":[{"embeddable":true,"href":"http:\/\/apesc.net.br\/balanco2024\/wp-json\/wp\/v2\/comments?post=675"}],"version-history":[{"count":7,"href":"http:\/\/apesc.net.br\/balanco2024\/wp-json\/wp\/v2\/pages\/675\/revisions"}],"predecessor-version":[{"id":1118,"href":"http:\/\/apesc.net.br\/balanco2024\/wp-json\/wp\/v2\/pages\/675\/revisions\/1118"}],"wp:attachment":[{"href":"http:\/\/apesc.net.br\/balanco2024\/wp-json\/wp\/v2\/media?parent=675"}],"curies":[{"name":"wp","href":"https:\/\/api.w.org\/{rel}","templated":true}]}}